{"id":3730,"date":"2022-09-05T15:52:35","date_gmt":"2022-09-05T15:52:35","guid":{"rendered":"https:\/\/www.esparzapc.com\/acerca-de\/"},"modified":"2024-05-14T02:04:49","modified_gmt":"2024-05-14T02:04:49","slug":"acerca-de","status":"publish","type":"page","link":"https:\/\/www.esparzapc.com\/es\/acerca-de\/","title":{"rendered":"Acerca de"},"content":{"rendered":"<div class=\"wpb-content-wrapper\"><p>[vc_section el_id=&#8221;about-header&#8221; css=&#8221;.vc_custom_1664903012876{background-image: url(https:\/\/www.esparzapc.com\/wp-content\/uploads\/2022\/10\/about-header-bg-img_1.png?id=510) !important;background-position: center !important;background-repeat: no-repeat !important;background-size: cover !important;}&#8221; el_class=&#8221;hide-bg bg-no-repeat bg-cover&#8221;][vc_row][vc_column][vc_row_inner][vc_column_inner][vc_empty_space height=&#8221;165px&#8221; el_class=&#8221;show-for-large&#8221;][\/vc_column_inner][\/vc_row_inner][vc_row_inner el_class=&#8221;row no-padding-vc&#8221;][vc_column_inner el_class=&#8221;columns large-6 small-12 large-order-0&#8243; width=&#8221;1\/2&#8243;][vc_column_text el_class=&#8221;hide-for-large&#8221;]<img loading=\"lazy\" decoding=\"async\" class=\"alignnone wp-image-3436 size-full\" src=\"https:\/\/www.esparzapc.com\/wp-content\/uploads\/2024\/04\/3.jpg\" alt=\"Controlador de plagas\" width=\"1058\" height=\"743\" srcset=\"https:\/\/www.esparzapc.com\/wp-content\/uploads\/2024\/04\/3.jpg 1058w, https:\/\/www.esparzapc.com\/wp-content\/uploads\/2024\/04\/3-300x211.jpg 300w, https:\/\/www.esparzapc.com\/wp-content\/uploads\/2024\/04\/3-1024x719.jpg 1024w, https:\/\/www.esparzapc.com\/wp-content\/uploads\/2024\/04\/3-768x539.jpg 768w, https:\/\/www.esparzapc.com\/wp-content\/uploads\/2024\/04\/3-450x316.jpg 450w\" sizes=\"(max-width: 1058px) 100vw, 1058px\" \/>[\/vc_column_text][vc_empty_space height=&#8221;90px&#8221; el_class=&#8221;show-for-large&#8221;][vc_empty_space height=&#8221;45px&#8221; el_class=&#8221;hide-for-large&#8221;][vc_column_text el_class=&#8221;text-center large-text-left&#8221;]<\/p>\n<h1 class=\"alt-primary page-heading bottom-buffer-2point5rem\">Sobre nosotros<\/h1>\n<p class=\"big alt-primary bottom-buffer-1point5rem\">Control de Plagas Esparza es un control de plagas en el que puedes confiar. Con la experiencia y la calidad de nuestra parte, nuestra empresa familiar pone fin a las infestaciones repetitivas y a las preocupaciones por los bichos en tu casa o negocio, para siempre.<\/p>\n<p>[\/vc_column_text][vc_empty_space height=&#8221;90px&#8221; el_class=&#8221;show-for-large&#8221;][vc_empty_space height=&#8221;45px&#8221; el_class=&#8221;hide-for-large&#8221;][\/vc_column_inner][vc_column_inner el_class=&#8221;columns large-6 small-12 large-order-0&#8243; width=&#8221;1\/2&#8243;][\/vc_column_inner][\/vc_row_inner][\/vc_column][\/vc_row][\/vc_section][vc_section disable_element=&#8221;yes&#8221; el_id=&#8221;about-header&#8221;][vc_row][vc_column][vc_row_inner][vc_column_inner][rev_slider slidertitle=&#8221;About Slider&#8221; alias=&#8221;about-slider&#8221;][\/vc_column_inner][\/vc_row_inner][\/vc_column][\/vc_row][\/vc_section][vc_section el_id=&#8221;about-section_1&#8243; css=&#8221;.vc_custom_1691777546077{border-bottom-width: 1px !important;border-bottom-color: #cfecfc !important;border-bottom-style: solid !important;}&#8221;][vc_row][vc_column][vc_row_inner el_class=&#8221;row&#8221;][vc_column_inner][vc_empty_space height=&#8221;165px&#8221; el_class=&#8221;show-for-large&#8221;][vc_empty_space height=&#8221;35px&#8221; el_class=&#8221;hide-for-large&#8221;][vc_column_text el_class=&#8221;text-center&#8221;]<\/p>\n<div class=\"service-box about\">\n<h1 class=\"alt-primary bottom-buffer-1point5rem\">Sobre Esparza<\/h1>\n<p class=\"remove-br extra-big\">Como empresa familiar que empez\u00f3 en 1960, Control de Plagas Esparza est\u00e1 formada por especialistas en control de plagas de segunda y tercera generaci\u00f3n. Utilizamos nuestras d\u00e9cadas de experiencia para elaborar soluciones a medida para cualquier necesidad residencial o comercial. Nuestro legado familiar tambi\u00e9n significa que nos tomamos la calidad muy en serio. Nuestros productos, los mejores del sector, y generaciones de experiencia nos permiten eliminar tu problema de control de plagas a la primera, siempre.<\/p>\n<\/div>\n<p>[\/vc_column_text][vc_empty_space height=&#8221;65px&#8221; el_class=&#8221;show-for-large&#8221;][vc_empty_space height=&#8221;35px&#8221; el_class=&#8221;hide-for-large&#8221;][\/vc_column_inner][\/vc_row_inner][vc_row_inner el_class=&#8221;row no-padding-vc&#8221;][vc_column_inner][vc_column_text el_class=&#8221;text-center&#8221;]<img loading=\"lazy\" decoding=\"async\" class=\"alignnone size-full wp-image-90\" style=\"cursor: pointer;\" src=\"\/wp-content\/uploads\/2023\/05\/home-section_5-img.jpg\" alt=\"\" width=\"719\" height=\"372\" data-open=\"showcaseVideo\"><\/p>\n<p>[\/vc_column_text][vc_raw_html]PGRpdiBjbGFzcz0icmV2ZWFsIHNtYWxsIiBpZD0ic2hvd2Nhc2VWaWRlbyIgZGF0YS1yZXZlYWw9IiIgZGF0YS1yZXNldC1vbi1jbG9zZT0iIj4KICA8aDMgY2xhc3M9InVjIj5Fc3BhcnphIFBDIENvbWVyY2lhbDwvaDM+CiAgPGRpdiBjbGFzcz0icmVzcG9uc2l2ZS1lbWJlZCBmbGV4LXZpZGVvIHdpZGVzY3JlZW4iPgogICAgPGlmcmFtZSBzcmM9Imh0dHBzOi8vcGxheWVyLnZpbWVvLmNvbS92aWRlby84MjYxNzUyMTYiIGZyYW1lYm9yZGVyPSIwIj48L2lmcmFtZT4KICA8L2Rpdj4KICA8YnV0dG9uIGNsYXNzPSJjbG9zZS1idXR0b24iIGRhdGEtY2xvc2U9IiIgYXJpYS1sYWJlbD0iQ2xvc2UgbW9kYWwiIHR5cGU9ImJ1dHRvbiI+CiAgICA8c3BhbiBhcmlhLWhpZGRlbj0idHJ1ZSI+w5c8L3NwYW4+CiAgPC9idXR0b24+CjwvZGl2Pg==[\/vc_raw_html][\/vc_column_inner][\/vc_row_inner][vc_row_inner disable_element=&#8221;yes&#8221; el_class=&#8221;row no-padding-vc&#8221;][vc_column_inner][vc_column_text el_class=&#8221;text-center&#8221;]<img loading=\"lazy\" decoding=\"async\" class=\"alignnone size-full wp-image-90\" style=\"cursor: pointer;\" src=\"\/wp-content\/uploads\/2022\/08\/home-section_5-img.jpg\" alt=\"\" width=\"719\" height=\"372\" data-open=\"showcaseVideo\" srcset=\"https:\/\/www.esparzapc.com\/wp-content\/uploads\/2022\/08\/home-section_5-img.jpg 719w, https:\/\/www.esparzapc.com\/wp-content\/uploads\/2022\/08\/home-section_5-img-450x233.jpg 450w, https:\/\/www.esparzapc.com\/wp-content\/uploads\/2022\/08\/home-section_5-img-300x155.jpg 300w\" sizes=\"(max-width: 719px) 100vw, 719px\" \/>[\/vc_column_text][vc_raw_html]PGRpdiBjbGFzcz0icmV2ZWFsIHNtYWxsIiBpZD0ic2hvd2Nhc2VWaWRlbyIgZGF0YS1yZXZlYWw9IiIgZGF0YS1yZXNldC1vbi1jbG9zZT0iIj4KICA8aDMgY2xhc3M9InVjIj5Fc3BhcnphIFBDIENvbWVyY2lhbDwvaDM+CiAgPGRpdiBjbGFzcz0icmVzcG9uc2l2ZS1lbWJlZCBmbGV4LXZpZGVvIHdpZGVzY3JlZW4iPgogICAgPGlmcmFtZSBzcmM9Imh0dHBzOi8vd3d3LnlvdXR1YmUuY29tL2VtYmVkL3VreHE3QjM1LTNFIiBmcmFtZWJvcmRlcj0iMCI+PC9pZnJhbWU+CiAgPC9kaXY+CiAgPGJ1dHRvbiBjbGFzcz0iY2xvc2UtYnV0dG9uIiBkYXRhLWNsb3NlPSIiIGFyaWEtbGFiZWw9IkNsb3NlIG1vZGFsIiB0eXBlPSJidXR0b24iPgogICAgPHNwYW4gYXJpYS1oaWRkZW49InRydWUiPsOXPC9zcGFuPgogIDwvYnV0dG9uPgo8L2Rpdj4=[\/vc_raw_html][\/vc_column_inner][\/vc_row_inner][vc_empty_space height=&#8221;135px&#8221; el_class=&#8221;show-for-large&#8221;][vc_empty_space height=&#8221;35px&#8221; el_class=&#8221;hide-for-large&#8221;][\/vc_column][\/vc_row][\/vc_section][vc_section el_id=&#8221;about-section_2&#8243; css=&#8221;.vc_custom_1662396816385{border-bottom-width: 1px !important;border-bottom-color: #cfecfc !important;border-bottom-style: solid !important;}&#8221; el_class=&#8221;bg-primary&#8221;][vc_row][vc_column][vc_empty_space height=&#8221;90px&#8221; el_class=&#8221;show-for-large&#8221;][vc_empty_space height=&#8221;45px&#8221; el_class=&#8221;hide-for-large&#8221;][vc_row_inner el_class=&#8221;row no-padding-vc&#8221;][vc_column_inner][vc_column_text el_class=&#8221;text-center&#8221;]<\/p>\n<h1 class=\"alt-white bottom-buffer-1point5rem\">Control de plagas que funciona a la primera<\/h1>\n<p class=\"alt-white remove-br extra-big\">Deja de preocuparte por las infestaciones descontroladas y los bichos raros que vuelven a aparecer. La combinaci\u00f3n \u00fanica de experiencia, calidad y garant\u00edas de Control de Plagas Esparza garantiza que tus necesidades de control de plagas se resuelvan de forma inmediata y eficaz. Proporcionamos soluciones de control de plagas en las que puedes confiar.<\/p>\n<p>[\/vc_column_text][\/vc_column_inner][\/vc_row_inner][vc_empty_space height=&#8221;90px&#8221; el_class=&#8221;show-for-large&#8221;][vc_empty_space height=&#8221;45px&#8221; el_class=&#8221;hide-for-large&#8221;][vc_row_inner el_class=&#8221;row no-padding-vc codesm-equalize-content&#8221;][vc_column_inner width=&#8221;1\/4&#8243;][vc_column_text el_class=&#8221;text-center&#8221;]<\/p>\n<div class=\"pest-box\" data-equalizer-watch=\"\">\n<div class=\"bottom-buffer-1point5rem text-center\"><img loading=\"lazy\" decoding=\"async\" class=\"alignnone size-full wp-image-25\" src=\"https:\/\/www.esparzapc.com\/wp-content\/uploads\/2022\/08\/Family-Owned.svg\" alt=\"\" width=\"129\" height=\"90\"><\/div>\n<h4 class=\"alt-primary bottom-buffer-1point5rem\">Negocio<br \/>\nFamiliar<\/h4>\n<p class=\"big\">La familia Esparza lleva generaciones en el negocio del control de plagas. No s\u00f3lo tenemos la experiencia y los conocimientos para ser extremadamente eficaces, sino que nuestra familia tambi\u00e9n est\u00e1 dedicada al legado Esparza de control de plagas de alta calidad en el que puedes confiar.<\/p>\n<\/div>\n<p>[\/vc_column_text][vc_empty_space height=&#8221;45px&#8221; el_class=&#8221;hide-for-large&#8221;][\/vc_column_inner][vc_column_inner width=&#8221;1\/4&#8243;][vc_column_text el_class=&#8221;text-center&#8221;]<\/p>\n<div class=\"pest-box\" data-equalizer-watch=\"\">\n<div class=\"bottom-buffer-1point5rem text-center\"><img loading=\"lazy\" decoding=\"async\" class=\"alignnone size-full wp-image-37\" src=\"https:\/\/www.esparzapc.com\/wp-content\/uploads\/2022\/08\/The-Best-Products.svg\" alt=\"\" width=\"129\" height=\"90\"><\/div>\n<h4 class=\"alt-primary bottom-buffer-1point5rem\">Los Mejores Productos<br \/>\nEn La Industria<\/h4>\n<p class=\"big\">En Esparza no escatimamos en costes.<br \/>\nEn cambio, s\u00f3lo utilizamos productos de la m\u00e1xima calidad. Los productos eficaces conducen a un control eficaz de las plagas &#8211; Y no nos conformamos con menos.<\/p>\n<\/div>\n<p>[\/vc_column_text][vc_empty_space height=&#8221;45px&#8221; el_class=&#8221;hide-for-large&#8221;][\/vc_column_inner][vc_column_inner width=&#8221;1\/4&#8243;][vc_column_text el_class=&#8221;text-center&#8221;]<\/p>\n<div class=\"pest-box\" data-equalizer-watch=\"\">\n<div class=\"bottom-buffer-1point5rem text-center\"><img loading=\"lazy\" decoding=\"async\" class=\"alignnone size-full wp-image-30\" src=\"https:\/\/www.esparzapc.com\/wp-content\/uploads\/2022\/08\/Guaranteed.svg\" alt=\"\" width=\"129\" height=\"90\"><\/div>\n<h4 class=\"alt-primary bottom-buffer-1point5rem\">Tranquilidad<br \/>\nGarantizada<\/h4>\n<p class=\"big\">No nos limitaremos a rociar y marcharnos. En el caso extremadamente improbable de que nuestro servicio no tenga \u00e9xito, nuestra garant\u00eda de 60 d\u00edas asegura que las plagas no tengan ninguna posibilidad de volver.<\/p>\n<\/div>\n<p>[\/vc_column_text][vc_empty_space height=&#8221;45px&#8221; el_class=&#8221;hide-for-large&#8221;][\/vc_column_inner][vc_column_inner width=&#8221;1\/4&#8243;][vc_column_text el_class=&#8221;text-center&#8221;]<\/p>\n<div class=\"pest-box\" data-equalizer-watch=\"\">\n<div class=\"bottom-buffer-1point5rem text-center\"><img loading=\"lazy\" decoding=\"async\" class=\"alignnone size-full wp-image-28\" src=\"https:\/\/www.esparzapc.com\/wp-content\/uploads\/2022\/08\/Free.svg\" alt=\"\" width=\"129\" height=\"90\"><\/div>\n<h4 class=\"alt-primary bottom-buffer-1point5rem\">Inspecciones<br \/>\nGratis<\/h4>\n<p class=\"big\">\u00bfNo est\u00e1s seguro de a qu\u00e9 tipo de plaga te enfrentas? Te ayudaremos a averiguarlo con una inspecci\u00f3n gratuita a domicilio que identifique y diagnostique el problema. Tambi\u00e9n te recomendaremos las mejores estrategias para hacerle frente &#8211; \u00a1Todo ello sin ning\u00fan compromiso para ti!<\/p>\n<\/div>\n<p>[\/vc_column_text][\/vc_column_inner][\/vc_row_inner][vc_empty_space height=&#8221;90px&#8221; el_class=&#8221;show-for-large&#8221;][vc_empty_space height=&#8221;45px&#8221; el_class=&#8221;hide-for-large&#8221;][\/vc_column][\/vc_row][\/vc_section][vc_section el_id=&#8221;about-section_3&#8243;][vc_row][vc_column][vc_empty_space height=&#8221;90px&#8221; el_class=&#8221;show-for-large&#8221;][vc_empty_space height=&#8221;45px&#8221; el_class=&#8221;hide-for-large&#8221;][vc_row_inner el_class=&#8221;row no-padding-vc no-padding-foundation expanded&#8221;][vc_column_inner el_class=&#8221;columns xlarge-6 small-12&#8243; width=&#8221;1\/2&#8243;][vc_column_text el_class=&#8221;text-center&#8221;]<img loading=\"lazy\" decoding=\"async\" class=\"w-100 about-image\" src=\"https:\/\/www.esparzapc.com\/wp-content\/uploads\/2022\/09\/about_section-2_img.png\" alt=\"\" width=\"857\" height=\"610\">[\/vc_column_text][\/vc_column_inner][vc_column_inner el_class=&#8221;columns xlarge-5 small-12&#8243; width=&#8221;1\/2&#8243;][vc_column_text]<\/p>\n<div class=\"about-box\">\n<h1 class=\"alt-primary bottom-buffer-1point5rem\">Misi\u00f3n<\/h1>\n<p class=\"remove-br extra-big\">\u00a1Bienvenido al control de plagas r\u00e1pido y eficaz! Desde 1960, nuestra misi\u00f3n ha sido convertir tu casa, empresa o edificio comercial en un lugar libre de plagas con los mejores productos y los especialistas en control de plagas m\u00e1s experimentados. Nos esforzamos por diferenciarnos de las empresas de control de plagas poco fiables o ineficaces y prestar servicios que aporten tranquilidad, limpieza y valor a tu hogar y edificios con cada aplicaci\u00f3n.<\/p>\n<\/div>\n<p>[\/vc_column_text][\/vc_column_inner][\/vc_row_inner][vc_empty_space height=&#8221;90px&#8221; el_class=&#8221;show-for-large&#8221;][vc_empty_space height=&#8221;45px&#8221; el_class=&#8221;hide-for-large&#8221;][\/vc_column][\/vc_row][\/vc_section][vc_section el_id=&#8221;about-section_4&#8243; css=&#8221;.vc_custom_1662565059473{border-bottom-width: 1px !important;border-bottom-color: #cfecfc !important;border-bottom-style: solid !important;}&#8221;][vc_row][vc_column][vc_empty_space height=&#8221;90px&#8221; el_class=&#8221;show-for-large&#8221;][vc_empty_space height=&#8221;45px&#8221; el_class=&#8221;hide-for-large&#8221;][vc_row_inner el_class=&#8221;row no-padding-vc no-padding-foundation expanded&#8221;][vc_column_inner el_class=&#8221;columns xlarge-5 xlarge-offset-1 small-12 small-order-1 large-order-0&#8243; width=&#8221;1\/2&#8243;][vc_column_text]<\/p>\n<div class=\"about-box left-side\">\n<h1 class=\"alt-primary bottom-buffer-1point5rem\">Paz Mental<br \/>\nGarantizada<\/h1>\n<p class=\"remove-br extra-big\">Deja de preocuparte por los especialistas en control de plagas que no llegan a tiempo o no consiguen eliminar tu problema. Acaba con los avistamientos repetidos de plagas y las llamadas a tu servicio de control de plagas. Esparza Control de Plagas te ofrece tranquilidad con productos de la m\u00e1xima calidad y una garant\u00eda de 60 d\u00edas. Convierte los problemas de plagas en soluciones con el servicio r\u00e1pido y eficaz de Esparza.<\/p>\n<\/div>\n<p>[\/vc_column_text][\/vc_column_inner][vc_column_inner el_class=&#8221;columns xlarge-6 small-12 small-order-0 large-order-1&#8243; width=&#8221;1\/2&#8243;][vc_column_text el_class=&#8221;text-center&#8221;]<img loading=\"lazy\" decoding=\"async\" class=\"w-100 about-image\" src=\"https:\/\/www.esparzapc.com\/wp-content\/uploads\/2022\/09\/about_section-3_img.png\" alt=\"\" width=\"857\" height=\"610\">[\/vc_column_text][\/vc_column_inner][\/vc_row_inner][vc_empty_space height=&#8221;90px&#8221; el_class=&#8221;show-for-large&#8221;][vc_empty_space height=&#8221;45px&#8221; el_class=&#8221;hide-for-large&#8221;][\/vc_column][\/vc_row][\/vc_section]<\/p>\n<\/div>","protected":false},"excerpt":{"rendered":"<p>[vc_section el_id=&#8221;about-header&#8221; css=&#8221;.vc_custom_1664903012876{background-image: url(https:\/\/www.esparzapc.com\/wp-content\/uploads\/2022\/10\/about-header-bg-img_1.png?id=510) !important;background-position: center !important;background-repeat: no-repeat !important;background-size: cover !important;}&#8221; el_class=&#8221;hide-bg bg-no-repeat bg-cover&#8221;][vc_row][vc_column][vc_row_inner][vc_column_inner][vc_empty_space height=&#8221;165px&#8221; el_class=&#8221;show-for-large&#8221;][\/vc_column_inner][\/vc_row_inner][vc_row_inner el_class=&#8221;row no-padding-vc&#8221;][vc_column_inner el_class=&#8221;columns large-6 small-12 large-order-0&#8243; width=&#8221;1\/2&#8243;][vc_column_text el_class=&#8221;hide-for-large&#8221;][\/vc_column_text][vc_empty_space height=&#8221;90px&#8221; el_class=&#8221;show-for-large&#8221;][vc_empty_space height=&#8221;45px&#8221; el_class=&#8221;hide-for-large&#8221;][vc_column_text el_class=&#8221;text-center large-text-left&#8221;] Sobre nosotros Control de Plagas Esparza es un control de plagas en el que puedes confiar. Con la experiencia y la calidad de nuestra parte,<a class=\"excerpt-read-more\" href=\"https:\/\/www.esparzapc.com\/es\/acerca-de\/\" title=\"ReadAcerca de\">&#8230; Read more &raquo;<\/a><\/p>\n","protected":false},"author":1,"featured_media":0,"parent":0,"menu_order":0,"comment_status":"closed","ping_status":"closed","template":"template-visual-builder.php","meta":{"inline_featured_image":false,"footnotes":""},"yoast_head":"<!-- This site is optimized with the Yoast SEO plugin v22.6 - https:\/\/yoast.com\/wordpress\/plugins\/seo\/ -->\n<title>Acerca de - Esparza Pest Control<\/title>\n<meta name=\"description\" content=\"Contacta con Control de Plagas Esparza para obtener servicios eficaces de control de plagas en Edinburg, TX. Solicita una consulta gratuita y experimenta un servicio fiable.\" \/>\n<meta name=\"robots\" content=\"index, follow, max-snippet:-1, max-image-preview:large, max-video-preview:-1\" \/>\n<link rel=\"canonical\" href=\"https:\/\/www.esparzapc.com\/es\/acerca-de\/\" \/>\n<meta property=\"og:locale\" content=\"es_ES\" \/>\n<meta property=\"og:type\" content=\"article\" \/>\n<meta property=\"og:title\" content=\"Acerca de - Esparza Pest Control\" \/>\n<meta property=\"og:description\" content=\"Contacta con Control de Plagas Esparza para obtener servicios eficaces de control de plagas en Edinburg, TX. Solicita una consulta gratuita y experimenta un servicio fiable.\" \/>\n<meta property=\"og:url\" content=\"https:\/\/www.esparzapc.com\/es\/acerca-de\/\" \/>\n<meta property=\"og:site_name\" content=\"Esparza Pest Control\" \/>\n<meta property=\"article:publisher\" content=\"https:\/\/www.facebook.com\/esparzapc\/\" \/>\n<meta property=\"article:modified_time\" content=\"2024-05-14T02:04:49+00:00\" \/>\n<meta property=\"og:image\" content=\"https:\/\/www.esparzapc.com\/wp-content\/uploads\/2024\/04\/3.jpg\" \/>\n<meta name=\"twitter:card\" content=\"summary_large_image\" \/>\n<meta name=\"twitter:site\" content=\"@epestinc\" \/>\n<meta name=\"twitter:label1\" content=\"Est. reading time\" \/>\n\t<meta name=\"twitter:data1\" content=\"7 minutes\" \/>\n<script type=\"application\/ld+json\" class=\"yoast-schema-graph\">{\"@context\":\"https:\/\/schema.org\",\"@graph\":[{\"@type\":\"WebPage\",\"@id\":\"https:\/\/www.esparzapc.com\/es\/acerca-de\/\",\"url\":\"https:\/\/www.esparzapc.com\/es\/acerca-de\/\",\"name\":\"Acerca de - Esparza Pest Control\",\"isPartOf\":{\"@id\":\"https:\/\/www.esparzapc.com\/#website\"},\"primaryImageOfPage\":{\"@id\":\"https:\/\/www.esparzapc.com\/es\/acerca-de\/#primaryimage\"},\"image\":{\"@id\":\"https:\/\/www.esparzapc.com\/es\/acerca-de\/#primaryimage\"},\"thumbnailUrl\":\"https:\/\/www.esparzapc.com\/wp-content\/uploads\/2024\/04\/3.jpg\",\"datePublished\":\"2022-09-05T15:52:35+00:00\",\"dateModified\":\"2024-05-14T02:04:49+00:00\",\"description\":\"Contacta con Control de Plagas Esparza para obtener servicios eficaces de control de plagas en Edinburg, TX. Solicita una consulta gratuita y experimenta un servicio fiable.\",\"breadcrumb\":{\"@id\":\"https:\/\/www.esparzapc.com\/es\/acerca-de\/#breadcrumb\"},\"inLanguage\":\"es-ES\",\"potentialAction\":[{\"@type\":\"ReadAction\",\"target\":[\"https:\/\/www.esparzapc.com\/es\/acerca-de\/\"]}]},{\"@type\":\"ImageObject\",\"inLanguage\":\"es-ES\",\"@id\":\"https:\/\/www.esparzapc.com\/es\/acerca-de\/#primaryimage\",\"url\":\"https:\/\/www.esparzapc.com\/wp-content\/uploads\/2024\/04\/3.jpg\",\"contentUrl\":\"https:\/\/www.esparzapc.com\/wp-content\/uploads\/2024\/04\/3.jpg\"},{\"@type\":\"BreadcrumbList\",\"@id\":\"https:\/\/www.esparzapc.com\/es\/acerca-de\/#breadcrumb\",\"itemListElement\":[{\"@type\":\"ListItem\",\"position\":1,\"name\":\"Home\",\"item\":\"https:\/\/www.esparzapc.com\/es\/inicio\/\"},{\"@type\":\"ListItem\",\"position\":2,\"name\":\"Acerca de\"}]},{\"@type\":\"WebSite\",\"@id\":\"https:\/\/www.esparzapc.com\/#website\",\"url\":\"https:\/\/www.esparzapc.com\/\",\"name\":\"Esparza Pest Control\",\"description\":\"\",\"publisher\":{\"@id\":\"https:\/\/www.esparzapc.com\/#organization\"},\"potentialAction\":[{\"@type\":\"SearchAction\",\"target\":{\"@type\":\"EntryPoint\",\"urlTemplate\":\"https:\/\/www.esparzapc.com\/?s={search_term_string}\"},\"query-input\":\"required name=search_term_string\"}],\"inLanguage\":\"es-ES\"},{\"@type\":\"Organization\",\"@id\":\"https:\/\/www.esparzapc.com\/#organization\",\"name\":\"Esparza Pest Control\",\"url\":\"https:\/\/www.esparzapc.com\/\",\"logo\":{\"@type\":\"ImageObject\",\"inLanguage\":\"es-ES\",\"@id\":\"https:\/\/www.esparzapc.com\/#\/schema\/logo\/image\/\",\"url\":\"https:\/\/www.esparzapc.com\/wp-content\/uploads\/2022\/09\/logo.svg\",\"contentUrl\":\"https:\/\/www.esparzapc.com\/wp-content\/uploads\/2022\/09\/logo.svg\",\"width\":\"1024\",\"height\":\"1024\",\"caption\":\"Esparza Pest Control\"},\"image\":{\"@id\":\"https:\/\/www.esparzapc.com\/#\/schema\/logo\/image\/\"},\"sameAs\":[\"https:\/\/www.facebook.com\/esparzapc\/\",\"https:\/\/x.com\/epestinc\",\"https:\/\/www.instagram.com\/esparzapc\/?hl=en\"]}]}<\/script>\n<!-- \/ Yoast SEO plugin. -->","yoast_head_json":{"title":"Acerca de - Esparza Pest Control","description":"Contacta con Control de Plagas Esparza para obtener servicios eficaces de control de plagas en Edinburg, TX. Solicita una consulta gratuita y experimenta un servicio fiable.","robots":{"index":"index","follow":"follow","max-snippet":"max-snippet:-1","max-image-preview":"max-image-preview:large","max-video-preview":"max-video-preview:-1"},"canonical":"https:\/\/www.esparzapc.com\/es\/acerca-de\/","og_locale":"es_ES","og_type":"article","og_title":"Acerca de - Esparza Pest Control","og_description":"Contacta con Control de Plagas Esparza para obtener servicios eficaces de control de plagas en Edinburg, TX. Solicita una consulta gratuita y experimenta un servicio fiable.","og_url":"https:\/\/www.esparzapc.com\/es\/acerca-de\/","og_site_name":"Esparza Pest Control","article_publisher":"https:\/\/www.facebook.com\/esparzapc\/","article_modified_time":"2024-05-14T02:04:49+00:00","og_image":[{"url":"https:\/\/www.esparzapc.com\/wp-content\/uploads\/2024\/04\/3.jpg"}],"twitter_card":"summary_large_image","twitter_site":"@epestinc","twitter_misc":{"Est. reading time":"7 minutes"},"schema":{"@context":"https:\/\/schema.org","@graph":[{"@type":"WebPage","@id":"https:\/\/www.esparzapc.com\/es\/acerca-de\/","url":"https:\/\/www.esparzapc.com\/es\/acerca-de\/","name":"Acerca de - Esparza Pest Control","isPartOf":{"@id":"https:\/\/www.esparzapc.com\/#website"},"primaryImageOfPage":{"@id":"https:\/\/www.esparzapc.com\/es\/acerca-de\/#primaryimage"},"image":{"@id":"https:\/\/www.esparzapc.com\/es\/acerca-de\/#primaryimage"},"thumbnailUrl":"https:\/\/www.esparzapc.com\/wp-content\/uploads\/2024\/04\/3.jpg","datePublished":"2022-09-05T15:52:35+00:00","dateModified":"2024-05-14T02:04:49+00:00","description":"Contacta con Control de Plagas Esparza para obtener servicios eficaces de control de plagas en Edinburg, TX. Solicita una consulta gratuita y experimenta un servicio fiable.","breadcrumb":{"@id":"https:\/\/www.esparzapc.com\/es\/acerca-de\/#breadcrumb"},"inLanguage":"es-ES","potentialAction":[{"@type":"ReadAction","target":["https:\/\/www.esparzapc.com\/es\/acerca-de\/"]}]},{"@type":"ImageObject","inLanguage":"es-ES","@id":"https:\/\/www.esparzapc.com\/es\/acerca-de\/#primaryimage","url":"https:\/\/www.esparzapc.com\/wp-content\/uploads\/2024\/04\/3.jpg","contentUrl":"https:\/\/www.esparzapc.com\/wp-content\/uploads\/2024\/04\/3.jpg"},{"@type":"BreadcrumbList","@id":"https:\/\/www.esparzapc.com\/es\/acerca-de\/#breadcrumb","itemListElement":[{"@type":"ListItem","position":1,"name":"Home","item":"https:\/\/www.esparzapc.com\/es\/inicio\/"},{"@type":"ListItem","position":2,"name":"Acerca de"}]},{"@type":"WebSite","@id":"https:\/\/www.esparzapc.com\/#website","url":"https:\/\/www.esparzapc.com\/","name":"Esparza Pest Control","description":"","publisher":{"@id":"https:\/\/www.esparzapc.com\/#organization"},"potentialAction":[{"@type":"SearchAction","target":{"@type":"EntryPoint","urlTemplate":"https:\/\/www.esparzapc.com\/?s={search_term_string}"},"query-input":"required name=search_term_string"}],"inLanguage":"es-ES"},{"@type":"Organization","@id":"https:\/\/www.esparzapc.com\/#organization","name":"Esparza Pest Control","url":"https:\/\/www.esparzapc.com\/","logo":{"@type":"ImageObject","inLanguage":"es-ES","@id":"https:\/\/www.esparzapc.com\/#\/schema\/logo\/image\/","url":"https:\/\/www.esparzapc.com\/wp-content\/uploads\/2022\/09\/logo.svg","contentUrl":"https:\/\/www.esparzapc.com\/wp-content\/uploads\/2022\/09\/logo.svg","width":"1024","height":"1024","caption":"Esparza Pest Control"},"image":{"@id":"https:\/\/www.esparzapc.com\/#\/schema\/logo\/image\/"},"sameAs":["https:\/\/www.facebook.com\/esparzapc\/","https:\/\/x.com\/epestinc","https:\/\/www.instagram.com\/esparzapc\/?hl=en"]}]}},"_links":{"self":[{"href":"https:\/\/www.esparzapc.com\/es\/wp-json\/wp\/v2\/pages\/3730"}],"collection":[{"href":"https:\/\/www.esparzapc.com\/es\/wp-json\/wp\/v2\/pages"}],"about":[{"href":"https:\/\/www.esparzapc.com\/es\/wp-json\/wp\/v2\/types\/page"}],"author":[{"embeddable":true,"href":"https:\/\/www.esparzapc.com\/es\/wp-json\/wp\/v2\/users\/1"}],"replies":[{"embeddable":true,"href":"https:\/\/www.esparzapc.com\/es\/wp-json\/wp\/v2\/comments?post=3730"}],"version-history":[{"count":8,"href":"https:\/\/www.esparzapc.com\/es\/wp-json\/wp\/v2\/pages\/3730\/revisions"}],"predecessor-version":[{"id":3851,"href":"https:\/\/www.esparzapc.com\/es\/wp-json\/wp\/v2\/pages\/3730\/revisions\/3851"}],"wp:attachment":[{"href":"https:\/\/www.esparzapc.com\/es\/wp-json\/wp\/v2\/media?parent=3730"}],"curies":[{"name":"wp","href":"https:\/\/api.w.org\/{rel}","templated":true}]}}