{"id":3718,"date":"2022-09-08T08:07:28","date_gmt":"2022-09-08T08:07:28","guid":{"rendered":"https:\/\/www.esparzapc.com\/ponte-en-contacto-con\/"},"modified":"2024-05-14T02:16:04","modified_gmt":"2024-05-14T02:16:04","slug":"contacto","status":"publish","type":"page","link":"https:\/\/www.esparzapc.com\/es\/contacto\/","title":{"rendered":"Contacto"},"content":{"rendered":"<div class=\"wpb-content-wrapper\"><p>[vc_section el_id=&#8221;contact-header&#8221; css=&#8221;.vc_custom_1663522733995{background-image: url(https:\/\/www.esparzapc.com\/wp-content\/uploads\/2022\/09\/contact-header-bg-img_1.png?id=220) !important;background-position: center !important;background-repeat: no-repeat !important;background-size: cover !important;}&#8221; el_class=&#8221;hide-bg bg-no-repeat bg-cover&#8221;][vc_row][vc_column][vc_row_inner][vc_column_inner][vc_empty_space height=&#8221;165px&#8221; el_class=&#8221;show-for-large&#8221;][\/vc_column_inner][\/vc_row_inner][vc_row_inner el_class=&#8221;row no-padding-vc&#8221;][vc_column_inner el_class=&#8221;columns large-6 small-12 large-order-0&#8243; width=&#8221;1\/2&#8243;][vc_column_text el_class=&#8221;hide-for-large&#8221;]<img loading=\"lazy\" decoding=\"async\" class=\"alignnone wp-image-3432 size-full\" src=\"https:\/\/www.esparzapc.com\/wp-content\/uploads\/2024\/04\/1.jpg\" alt=\"Personal de control de plagas\" width=\"1213\" height=\"808\" srcset=\"https:\/\/www.esparzapc.com\/wp-content\/uploads\/2024\/04\/1.jpg 1213w, https:\/\/www.esparzapc.com\/wp-content\/uploads\/2024\/04\/1-300x200.jpg 300w, https:\/\/www.esparzapc.com\/wp-content\/uploads\/2024\/04\/1-1024x682.jpg 1024w, https:\/\/www.esparzapc.com\/wp-content\/uploads\/2024\/04\/1-768x512.jpg 768w, https:\/\/www.esparzapc.com\/wp-content\/uploads\/2024\/04\/1-450x300.jpg 450w\" sizes=\"(max-width: 1213px) 100vw, 1213px\" \/>[\/vc_column_text][vc_empty_space height=&#8221;90px&#8221; el_class=&#8221;show-for-large&#8221;][vc_empty_space height=&#8221;45px&#8221; el_class=&#8221;hide-for-large&#8221;][vc_column_text el_class=&#8221;text-center large-text-left&#8221;]<\/p>\n<h1 class=\"alt-primary page-heading bottom-buffer-1point5rem\">Cont\u00e1ctenos<\/h1>\n<p class=\"big bottom-buffer-1point5rem remove-br\">La prevenci\u00f3n y el control de plagas r\u00e1pidos y eficaces est\u00e1n al alcance de tu mano. Consigue<br \/>\ntranquilidad y un lugar libre de plagas, junto con un informe gratuito y sin compromiso<br \/>\nconsulta. Esperamos tener noticias tuyas y ayudarte a eliminar todos tus problemas de plagas.[\/vc_column_text][vc_empty_space height=&#8221;90px&#8221; el_class=&#8221;show-for-large&#8221;][vc_empty_space height=&#8221;45px&#8221; el_class=&#8221;hide-for-large&#8221;][\/vc_column_inner][vc_column_inner el_class=&#8221;columns large-6 small-12 large-order-0&#8243; width=&#8221;1\/2&#8243;][\/vc_column_inner][\/vc_row_inner][\/vc_column][\/vc_row][\/vc_section][vc_section el_id=&#8221;contact-section_1&#8243;][vc_row][vc_column][vc_empty_space height=&#8221;40px&#8221; el_class=&#8221;show-for-large&#8221;][vc_empty_space height=&#8221;35px&#8221; el_class=&#8221;hide-for-large&#8221;][vc_row_inner el_class=&#8221;row no-padding-vc&#8221;][vc_column_inner][vc_column_text el_class=&#8221;text-center&#8221;]<\/p>\n<div class=\"service-box contact\">\n<h2 class=\"alt-primary bottom-buffer-1point5rem\">Varias Formas De Ponerse En Contacto<\/h2>\n<\/div>\n<p>[\/vc_column_text][\/vc_column_inner][\/vc_row_inner][vc_empty_space height=&#8221;40px&#8221; el_class=&#8221;show-for-large&#8221;][vc_empty_space height=&#8221;35px&#8221; el_class=&#8221;hide-for-large&#8221;][\/vc_column][\/vc_row][\/vc_section][vc_section el_id=&#8221;contact-section_2&#8243; css=&#8221;.vc_custom_1662625214974{border-bottom-width: 1px !important;border-bottom-color: #cfecfc !important;border-bottom-style: solid !important;}&#8221;][vc_row][vc_column][vc_empty_space height=&#8221;90px&#8221; el_class=&#8221;show-for-large&#8221;][vc_empty_space height=&#8221;45px&#8221; el_class=&#8221;hide-for-large&#8221;][vc_row_inner el_class=&#8221;row no-padding-vc codesm-equalize-content&#8221;][vc_column_inner el_class=&#8221;columns large-3 medium-6 small-12&#8243; width=&#8221;1\/4&#8243;][vc_column_text el_class=&#8221;text-center&#8221;]<\/p>\n<div class=\"pest-box contact\" data-equalizer-watch=\"\">\n<div class=\"bottom-buffer-1point5rem\"><img decoding=\"async\" class=\"alignnone size-full wp-image-350\" src=\"\/wp-content\/uploads\/2022\/09\/location-2.svg\" alt=\"\" width=\"70\"><\/div>\n<h4 class=\"alt-primary\">Ubicaci\u00f3n<\/h4>\n<p class=\"bottom-buffer-1point5rem remove-br\">5602 S. Sugar Rd<br \/>\nEdinburg, TX 78539<\/p>\n<\/div>\n<p>[\/vc_column_text][vc_empty_space height=&#8221;45px&#8221;][vc_column_text el_class=&#8221;text-center&#8221;]<a class=\"button primary uc\" href=\"#contact-section_4\">mostrar en un mapa<\/a>[\/vc_column_text][vc_empty_space height=&#8221;45px&#8221; el_class=&#8221;hide-for-large&#8221;][\/vc_column_inner][vc_column_inner el_class=&#8221;columns large-3 medium-6 small-12&#8243; width=&#8221;1\/4&#8243;][vc_column_text el_class=&#8221;text-center&#8221;]<\/p>\n<div class=\"pest-box contact\" data-equalizer-watch=\"\">\n<div class=\"bottom-buffer-1point5rem\"><img decoding=\"async\" class=\"alignnone size-full wp-image-352\" src=\"\/wp-content\/uploads\/2022\/09\/phone-1.svg\" alt=\"\" width=\"70\"><\/div>\n<h4 class=\"alt-primary\">Tel\u00e9fono<\/h4>\n<p class=\"bottom-buffer-1point5rem remove-br\"><a href=\"tel:9563160000\">956-316-0000<\/a><\/p>\n<\/div>\n<p>[\/vc_column_text][vc_empty_space height=&#8221;45px&#8221; el_class=&#8221;hide-for-large&#8221;][\/vc_column_inner][vc_column_inner el_class=&#8221;columns large-3 medium-6 small-12&#8243; width=&#8221;1\/4&#8243;][vc_column_text el_class=&#8221;text-center&#8221;]<\/p>\n<div class=\"pest-box contact\" data-equalizer-watch=\"\">\n<div class=\"bottom-buffer-1point5rem\"><img decoding=\"async\" class=\"alignnone size-full wp-image-351\" src=\"\/wp-content\/uploads\/2022\/09\/email-1.svg\" alt=\"\" width=\"70\"><\/div>\n<h4 class=\"alt-primary\">Env\u00eda un correo electr\u00f3nico a<\/h4>\n<p class=\"bottom-buffer-1point5rem remove-br\"><a href=\"mailto:jerry@esparzapc.com\">jerry@esparzapc.com<\/a><\/p>\n<\/div>\n<p>[\/vc_column_text][vc_empty_space height=&#8221;45px&#8221; el_class=&#8221;hide-for-large&#8221;][\/vc_column_inner][vc_column_inner el_class=&#8221;columns large-3 medium-6 small-12&#8243; width=&#8221;1\/4&#8243;][vc_column_text el_class=&#8221;text-center&#8221;]<\/p>\n<div class=\"pest-box contact\" data-equalizer-watch=\"\">\n<div class=\"bottom-buffer-1point5rem\"><img decoding=\"async\" class=\"alignnone size-full wp-image-349\" src=\"\/wp-content\/uploads\/2022\/09\/open-hours-1.svg\" alt=\"\" width=\"70\"><\/div>\n<h4 class=\"alt-primary\">Horario de apertura<\/h4>\n<p class=\"bottom-buffer-1point5rem remove-br\">8:00 H &#8211; 18:00 H<\/p>\n<\/div>\n<p>[\/vc_column_text][\/vc_column_inner][\/vc_row_inner][vc_empty_space height=&#8221;90px&#8221; el_class=&#8221;show-for-large&#8221;][vc_empty_space height=&#8221;45px&#8221; el_class=&#8221;hide-for-large&#8221;][\/vc_column][\/vc_row][\/vc_section][vc_section el_id=&#8221;footer-form&#8221; el_class=&#8221;bg-primary text-center&#8221;][vc_row][vc_column][vc_empty_space height=&#8221;90px&#8221; el_class=&#8221;show-for-large&#8221;][vc_empty_space height=&#8221;45px&#8221; el_class=&#8221;hide-for-large&#8221;][vc_row_inner el_class=&#8221;row&#8221;][vc_column_inner el_class=&#8221;columns large-8 large-offset-2&#8243;]\n<div class=\"wpcf7 no-js\" id=\"wpcf7-f3755-o1\" lang=\"es-ES\" dir=\"ltr\">\n<div class=\"screen-reader-response\"><p role=\"status\" aria-live=\"polite\" aria-atomic=\"true\"><\/p> <ul><\/ul><\/div>\n<form action=\"\/es\/wp-json\/wp\/v2\/pages\/3718#wpcf7-f3755-o1\" method=\"post\" class=\"wpcf7-form init\" aria-label=\"Contact form\" novalidate=\"novalidate\" data-status=\"init\">\n<div style=\"display: none;\">\n<input type=\"hidden\" name=\"_wpcf7\" value=\"3755\" \/>\n<input type=\"hidden\" name=\"_wpcf7_version\" value=\"5.9.4\" \/>\n<input type=\"hidden\" name=\"_wpcf7_locale\" value=\"es_ES\" \/>\n<input type=\"hidden\" name=\"_wpcf7_unit_tag\" value=\"wpcf7-f3755-o1\" \/>\n<input type=\"hidden\" name=\"_wpcf7_container_post\" value=\"0\" \/>\n<input type=\"hidden\" name=\"_wpcf7_posted_data_hash\" value=\"\" \/>\n<input type=\"hidden\" name=\"_wpcf7_recaptcha_response\" value=\"\" \/>\n<\/div>\n<div class=\"row\">\n\t<div class=\"columns small-12\">\n\t\t<h1 class=\"alt-white bottom-buffer-1point5rem text-center\">\u00bfTienes m\u00e1s preguntas?\n\t\t<\/h1>\n\t\t<p class=\"alt-white extra-big bottom-buffer-2point5rem text-center remove-br\">Estaremos encantados de ayudarte. Ll\u00e1manos cuando quieras al <a class=\"alt-white font-bold\" href=\"tel:9563160000\">(956) 316-0000<\/a>,<br \/>\no concierta una cita. \u00a1Estamos deseando conectar contigo!\n\t\t<\/p>\n\t\t<div class=\"row bottom-buffer-1point5rem\">\n\t\t\t<div class=\"columns small-12\">\n\t\t\t\t<p><span class=\"wpcf7-form-control-wrap\" data-name=\"full-name\"><input size=\"40\" class=\"wpcf7-form-control wpcf7-text wpcf7-validates-as-required\" aria-required=\"true\" aria-invalid=\"false\" placeholder=\"Nombre*.\" value=\"\" type=\"text\" name=\"full-name\" \/><\/span>\n\t\t\t\t<\/p>\n\t\t\t<\/div>\n\t\t\t<div class=\"columns small-12\">\n\t\t\t\t<p><span class=\"wpcf7-form-control-wrap\" data-name=\"mobile-phone\"><input size=\"40\" class=\"wpcf7-form-control wpcf7-text wpcf7-validates-as-required codesm-phone-field\" aria-required=\"true\" aria-invalid=\"false\" placeholder=\"Tel\u00e9fono*.\" value=\"\" type=\"text\" name=\"mobile-phone\" \/><\/span>\n\t\t\t\t<\/p>\n\t\t\t<\/div>\n\t\t\t<div class=\"columns small-12\">\n\t\t\t\t<p><span class=\"wpcf7-form-control-wrap\" data-name=\"email\"><input size=\"40\" class=\"wpcf7-form-control wpcf7-email wpcf7-validates-as-required wpcf7-text wpcf7-validates-as-email\" aria-required=\"true\" aria-invalid=\"false\" placeholder=\"Correo electr\u00f3nico\" value=\"\" type=\"email\" name=\"email\" \/><\/span>\n\t\t\t\t<\/p>\n\t\t\t<\/div>\n\t\t\t<div class=\"columns small-12\">\n\t\t\t\t<p><span class=\"wpcf7-form-control-wrap\" data-name=\"WhatPest\"><select class=\"wpcf7-form-control wpcf7-select wpcf7-validates-as-required\" aria-required=\"true\" aria-invalid=\"false\" name=\"WhatPest\"><option value=\"\">What type of Pest Control do you need?<\/option><option value=\"Residential\">Residential<\/option><option value=\"Commercial\">Commercial<\/option><\/select><\/span>\n\t\t\t\t<\/p>\n\t\t\t<\/div>\n\t\t\t<div class=\"columns small-12\">\n\t\t\t\t<p><span class=\"wpcf7-form-control-wrap\" data-name=\"message\"><textarea cols=\"40\" rows=\"4\" class=\"wpcf7-form-control wpcf7-textarea\" aria-invalid=\"false\" placeholder=\"Mensaje\" name=\"message\"><\/textarea><\/span>\n\t\t\t\t<\/p>\n\t\t\t<\/div>\n\t\t<\/div>\n\t\t<div class=\"row\">\n\t\t\t<div class=\"columns small-12 text-center\">\n\t\t\t\t<p><span id=\"wpcf7-69e1245fe04a5-wrapper\" class=\"wpcf7-form-control-wrap honeypot-114-wrap\" ><input type=\"hidden\" name=\"honeypot-114-time-start\" value=\"1776362591\"><input type=\"hidden\" name=\"honeypot-114-time-check\" value=\"10\"><label for=\"wpcf7-69e1245fe04a5-field\" class=\"hp-message\">Please leave this field empty.<\/label><input id=\"wpcf7-69e1245fe04a5-field\"  class=\"wpcf7-form-control wpcf7-text\" type=\"text\" name=\"honeypot-114\" value=\"\" size=\"40\" tabindex=\"-1\" autocomplete=\"new-password\" \/><\/span><button type=\"submit\" class=\"button secondary uc alt-white no-margin-bottom\">env\u00eda<\/button>\n\t\t\t\t<\/p>\n\t\t\t<\/div>\n\t\t<\/div>\n\t<\/div>\n<\/div><div class=\"wpcf7-response-output\" aria-hidden=\"true\"><\/div>\n<\/form>\n<\/div>\n[\/vc_column_inner][\/vc_row_inner][vc_empty_space height=&#8221;90px&#8221; el_class=&#8221;show-for-large&#8221;][vc_empty_space height=&#8221;45px&#8221; el_class=&#8221;hide-for-large&#8221;][\/vc_column][\/vc_row][\/vc_section][vc_section el_id=&#8221;contact-section_4&#8243;][vc_row][vc_column][vc_row_inner el_class=&#8221;row no-padding-vc expanded no-padding-foundation&#8221;][vc_column_inner][vc_raw_html]PGRpdiBpZD0iZ21hcCIgc3R5bGU9Im1pbi1oZWlnaHQ6NDkycHg7d2lkdGg6MTAwJTsiIGRhdGEtZXF1YWxpemVyLXdhdGNoPSIiPjwvZGl2Pgo8c3R5bGU+I2dtYXAge291dGxpbmU7IG5vbmU7fSAjZ21hcCBpbWd7bWF4LXdpZHRoOm5vbmUhaW1wb3J0YW50O2JhY2tncm91bmQ6bm9uZSFpbXBvcnRhbnR9PC9zdHlsZT4=[\/vc_raw_html][vc_raw_js]JTNDc2NyaXB0JTIwdHlwZSUzRCUyMnRleHQlMkZqYXZhc2NyaXB0JTIyJTNFJTBBJTA5JTA5JTA5JTA5JTA5JTA5JTA5JTA5JTA5ZnVuY3Rpb24lMjBpbml0X21hcCUyOCUyOSUyMCU3QiUwQSUwOSUwOSUwOSUwOSUwOSUwOSUwOSUwOSUwOSUwOXZhciUyMGxvY2F0aW9ucyUyMCUzRCUyMCU1QiUwQSUwOSUwOSUwOSUwOSUwOSUwOSUwOSUwOSUwOSUwOSUwOSU1QiUyNyUzQ3AlMjBjbGFzcyUzRCUyMmJvdHRvbS1idWZmZXItMHBvaW50NXJlbSUyMiUzRSUzQ3N0cm9uZyUzRUVzcGFyemElMjBQZXN0JTIwQ29udHJvbCUzQyUyRnN0cm9uZyUzRSUyMDU2MDIlMjBTLiUyMFN1Z2FyJTIwUmQlMjAlM0NiciUzRSUyMEVkaW5idXJnJTJDJTIwVFglMjA3ODUzOSUzQyUyRnAlM0UlM0NhJTIwaHJlZiUzRCUyMmh0dHBzJTNBJTJGJTJGZ29vLmdsJTJGbWFwcyUyRkhodkVGd2tBS3R6NEJXOU05JTIyJTIwdGFyZ2V0JTNEJTIyX2JsYW5rJTIyJTNFJTNDcCUyMGNsYXNzJTNEJTIyc21hbGwlMjBhbHQtcHJpbWFyeSUyMGZvbnQtYm9sZCUyMG5vLW1hcmdpbi1ib3R0b20lMjIlM0VHZXQlMjBEaXJlY3Rpb24lM0MlMkZwJTNFJTNDJTJGYSUzRSUyNyUyQyUyMDI2LjI1MDE3MCUyQyUyMC05OC4xODU1MzAlNUQlMkMlMEElMDklMDklMDklMDklMDklMDklMDklMDklMDklMDklMDklNUQlM0IlMEElMDklMDklMDklMDklMDklMDklMDklMDklMDklMDl2YXIlMjBteU9wdGlvbnMlMjAlM0QlMjAlN0IlMEElMDklMDklMDklMDklMDklMDklMDklMDklMDklMDklMDl6b29tJTNBMTMlMkMlMEElMDklMDklMDklMDklMDklMDklMDklMDklMDklMDklMDljZW50ZXIlM0FuZXclMjBnb29nbGUubWFwcy5MYXRMbmclMjgyNi4yNTAxNzAlMkMlMjAtOTguMTg1NTMwJTI5JTJDJTBBJTA5JTA5JTA5JTA5JTA5JTA5JTA5JTA5JTA5JTA5JTA5JTIwc3R5bGVzJTNBJTIwbWFwU3R5bGVzJTI4JTI5JTJDJTBBJTA5JTA5JTA5JTA5JTA5JTA5JTA5JTA5JTA5JTA5JTA5bWFwVHlwZUlkJTNBJTIwZ29vZ2xlLm1hcHMuTWFwVHlwZUlkLlJPQURNQVAlMEElMDklMDklMDklMDklMDklMDklMDklMDklMDklMDklN0QlM0IlMEElMDklMDklMDklMDklMDklMDklMDklMDklMDklMDltYXAlMjAlM0QlMjBuZXclMjBnb29nbGUubWFwcy5NYXAlMjhkb2N1bWVudC5nZXRFbGVtZW50QnlJZCUyOCUyN2dtYXAlMjclMjklMkMlMjBteU9wdGlvbnMlMjklM0IlMEElMDklMDklMDklMDklMDklMDklMDklMDklMDklMDl2YXIlMjBpbmZvd2luZG93JTIwJTNEJTIwbmV3JTIwZ29vZ2xlLm1hcHMuSW5mb1dpbmRvdyUyOCU3QiU3RCUyOSUzQiUwQSUwOSUwOSUwOSUwOSUwOSUwOSUwOSUwOSUwOSUwOXZhciUyMG1hcmtlciUyQyUyMGNvdW50JTNCJTBBJTA5JTA5JTA5JTA5JTA5JTA5JTA5JTA5JTA5JTA5JTBBJTA5JTA5JTA5JTA5JTA5JTA5JTA5JTA5JTA5JTA5dmFyJTIwaWNvbiUyMCUzRCUyMCU3QiUwQSUwOSUwOSUwOSUwOSUwOSUwOSUwOSUwOSUwOSUwOSUwOXVybCUzQSUyMCUyMiUyRndwLWNvbnRlbnQlMkZ1cGxvYWRzJTJGMjAyMiUyRjA5JTJGbG9jYXRpb25fbWFya2VyLnBuZyUyMiUyQyUwQSUwOSUwOSUwOSUwOSUwOSUwOSUwOSUwOSUwOSUwOSUyRiUyRiUyMHNjYWxlZFNpemUlM0ElMjBuZXclMjBnb29nbGUubWFwcy5TaXplJTI4MjQlMkMlMjAzNSUyOSUyQyUyMCUyRiUyRiUyMHNjYWxlZCUyMHNpemUlMEElMDklMDklMDklMDklMDklMDklMDklMDklMDklMDklN0QlM0IlMEElMDklMDklMDklMDklMDklMDklMDklMDklMDklMDlmb3IlMjAlMjhjb3VudCUyMCUzRCUyMDAlM0IlMjBjb3VudCUyMCUzQyUyMGxvY2F0aW9ucy5sZW5ndGglM0IlMjBjb3VudCUyQiUyQiUyOSUyMCU3QiUwQSUwOSUwOSUwOSUwOSUwOSUwOSUwOSUwOSUwOSUwOSUwOW1hcmtlciUyMCUzRCUyMG5ldyUyMGdvb2dsZS5tYXBzLk1hcmtlciUyOCU3QiUwQSUwOSUwOSUwOSUwOSUwOSUwOSUwOSUwOSUwOSUwOSUwOSUwOXBvc2l0aW9uJTNBJTIwbmV3JTIwZ29vZ2xlLm1hcHMuTGF0TG5nJTI4bG9jYXRpb25zJTVCY291bnQlNUQlNUIxJTVEJTJDJTIwbG9jYXRpb25zJTVCY291bnQlNUQlNUIyJTVEJTI5JTJDJTBBJTA5JTA5JTA5JTA5JTA5JTA5JTA5JTA5JTA5JTA5JTA5JTA5bWFwJTNBJTIwbWFwJTJDJTBBJTA5JTA5JTA5JTA5JTA5JTA5JTA5JTA5JTA5JTA5JTA5JTA5aWNvbiUzQSUyMGljb24lMkMlMEElMDklMDklMDklMDklMDklMDklMDklMDklMDklMDklMDklMDl0aXRsZSUzQSUyMGxvY2F0aW9ucyU1QmNvdW50JTVEJTVCMCU1RCUwQSUwOSUwOSUwOSUwOSUwOSUwOSUwOSUwOSUwOSUwOSUwOSU3RCUyOSUzQiUwQSUwOSUwOSUwOSUwOSUwOSUwOSUwOSUwOSUwOSUwOSUwOSUyRiUyRiUyMCUyMCUyMCUyMCUyMCUyMCUyMCUyMCUyMCUyMCUyMCUyMGdvb2dsZS5tYXBzLmV2ZW50LmFkZExpc3RlbmVyJTI4bWFya2VyJTJDJTIwJTI3Y2xpY2slMjclMkMlMjAlMjhmdW5jdGlvbiUyOG1hcmtlciUyQyUyMGNvdW50JTI5JTIwJTdCJTBBJTA5JTA5JTA5JTA5JTA5JTA5JTA5JTA5JTA5JTA5JTA5JTJGJTJGJTIwJTIwJTIwJTIwJTIwJTIwJTIwJTIwJTIwJTIwJTIwJTIwcmV0dXJuJTIwZnVuY3Rpb24lMjglMjklMjAlN0IlMEElMDklMDklMDklMDklMDklMDklMDklMDklMDklMDklMDklMDklMDlpbmZvd2luZG93LnNldENvbnRlbnQlMjhsb2NhdGlvbnMlNUJjb3VudCU1RCU1QjAlNUQlMjklM0IlMEElMDklMDklMDklMDklMDklMDklMDklMDklMDklMDklMDklMDklMDlpbmZvd2luZG93Lm9wZW4lMjhtYXAlMkMlMjBtYXJrZXIlMjklM0IlMEElMDklMDklMDklMDklMDklMDklMDklMDklMDklMDklMDklMkYlMkYlMjAlMjAlMjAlMjAlMjAlMjAlMjAlMjAlMjAlMjAlN0QlMEElMDklMDklMDklMDklMDklMDklMDklMDklMDklMDklMDklMkYlMkYlMjAlMjAlMjAlMjAlN0QlMjklMjhtYXJrZXIlMkMlMjBjb3VudCUyOSUyOSUzQiUwQSUwOSUwOSUwOSUwOSUwOSUwOSUwOSUwOSUwOSUwOSU3RCUwQSUwOSUwOSUwOSUwOSUwOSUwOSUwOSUwOSUwOSU3RCUwQSUwOSUwOSUwOSUwOSUwOSUwOSUwOSUwOSUwOWdvb2dsZS5tYXBzLmV2ZW50LmFkZERvbUxpc3RlbmVyJTI4d2luZG93JTJDJTIwJTI3bG9hZCUyNyUyQyUyMGluaXRfbWFwJTI5JTNCJTBBJTA5JTA5JTA5JTA5JTA5JTA5JTA5JTA5JTNDJTJGc2NyaXB0JTNF[\/vc_raw_js][\/vc_column_inner][\/vc_row_inner][\/vc_column][\/vc_row][\/vc_section]<\/p>\n<\/div>","protected":false},"excerpt":{"rendered":"<p>[vc_section el_id=&#8221;contact-header&#8221; css=&#8221;.vc_custom_1663522733995{background-image: url(https:\/\/www.esparzapc.com\/wp-content\/uploads\/2022\/09\/contact-header-bg-img_1.png?id=220) !important;background-position: center !important;background-repeat: no-repeat !important;background-size: cover !important;}&#8221; el_class=&#8221;hide-bg bg-no-repeat bg-cover&#8221;][vc_row][vc_column][vc_row_inner][vc_column_inner][vc_empty_space height=&#8221;165px&#8221; el_class=&#8221;show-for-large&#8221;][\/vc_column_inner][\/vc_row_inner][vc_row_inner el_class=&#8221;row no-padding-vc&#8221;][vc_column_inner el_class=&#8221;columns large-6 small-12 large-order-0&#8243; width=&#8221;1\/2&#8243;][vc_column_text el_class=&#8221;hide-for-large&#8221;][\/vc_column_text][vc_empty_space height=&#8221;90px&#8221; el_class=&#8221;show-for-large&#8221;][vc_empty_space height=&#8221;45px&#8221; el_class=&#8221;hide-for-large&#8221;][vc_column_text el_class=&#8221;text-center large-text-left&#8221;] Cont\u00e1ctenos La prevenci\u00f3n y el control de plagas r\u00e1pidos y eficaces est\u00e1n al alcance de tu mano. Consigue tranquilidad y un lugar libre de plagas,<a class=\"excerpt-read-more\" href=\"https:\/\/www.esparzapc.com\/es\/contacto\/\" title=\"ReadContacto\">&#8230; Read more &raquo;<\/a><\/p>\n","protected":false},"author":1,"featured_media":0,"parent":0,"menu_order":0,"comment_status":"closed","ping_status":"closed","template":"template-visual-builder.php","meta":{"inline_featured_image":false,"footnotes":""},"yoast_head":"<!-- This site is optimized with the Yoast SEO plugin v22.6 - https:\/\/yoast.com\/wordpress\/plugins\/seo\/ -->\n<title>Contacto - Esparza Pest Control<\/title>\n<meta name=\"description\" content=\"Contacta con Control de Plagas Esparza para obtener servicios eficaces de control de plagas en Edinburg, TX. Solicita una consulta gratuita y experimenta un servicio fiable.\" \/>\n<meta name=\"robots\" content=\"index, follow, max-snippet:-1, max-image-preview:large, max-video-preview:-1\" \/>\n<link rel=\"canonical\" href=\"https:\/\/www.esparzapc.com\/es\/contacto\/\" \/>\n<meta property=\"og:locale\" content=\"es_ES\" \/>\n<meta property=\"og:type\" content=\"article\" \/>\n<meta property=\"og:title\" content=\"Contacto - Esparza Pest Control\" \/>\n<meta property=\"og:description\" content=\"Contacta con Control de Plagas Esparza para obtener servicios eficaces de control de plagas en Edinburg, TX. Solicita una consulta gratuita y experimenta un servicio fiable.\" \/>\n<meta property=\"og:url\" content=\"https:\/\/www.esparzapc.com\/es\/contacto\/\" \/>\n<meta property=\"og:site_name\" content=\"Esparza Pest Control\" \/>\n<meta property=\"article:publisher\" content=\"https:\/\/www.facebook.com\/esparzapc\/\" \/>\n<meta property=\"article:modified_time\" content=\"2024-05-14T02:16:04+00:00\" \/>\n<meta property=\"og:image\" content=\"https:\/\/www.esparzapc.com\/wp-content\/uploads\/2024\/04\/1.jpg\" \/>\n<meta name=\"twitter:card\" content=\"summary_large_image\" \/>\n<meta name=\"twitter:site\" content=\"@epestinc\" \/>\n<meta name=\"twitter:label1\" content=\"Est. reading time\" \/>\n\t<meta name=\"twitter:data1\" content=\"2 minutes\" \/>\n<script type=\"application\/ld+json\" class=\"yoast-schema-graph\">{\"@context\":\"https:\/\/schema.org\",\"@graph\":[{\"@type\":\"WebPage\",\"@id\":\"https:\/\/www.esparzapc.com\/es\/contacto\/\",\"url\":\"https:\/\/www.esparzapc.com\/es\/contacto\/\",\"name\":\"Contacto - Esparza Pest Control\",\"isPartOf\":{\"@id\":\"https:\/\/www.esparzapc.com\/#website\"},\"primaryImageOfPage\":{\"@id\":\"https:\/\/www.esparzapc.com\/es\/contacto\/#primaryimage\"},\"image\":{\"@id\":\"https:\/\/www.esparzapc.com\/es\/contacto\/#primaryimage\"},\"thumbnailUrl\":\"https:\/\/www.esparzapc.com\/wp-content\/uploads\/2024\/04\/1.jpg\",\"datePublished\":\"2022-09-08T08:07:28+00:00\",\"dateModified\":\"2024-05-14T02:16:04+00:00\",\"description\":\"Contacta con Control de Plagas Esparza para obtener servicios eficaces de control de plagas en Edinburg, TX. Solicita una consulta gratuita y experimenta un servicio fiable.\",\"breadcrumb\":{\"@id\":\"https:\/\/www.esparzapc.com\/es\/contacto\/#breadcrumb\"},\"inLanguage\":\"es-ES\",\"potentialAction\":[{\"@type\":\"ReadAction\",\"target\":[\"https:\/\/www.esparzapc.com\/es\/contacto\/\"]}]},{\"@type\":\"ImageObject\",\"inLanguage\":\"es-ES\",\"@id\":\"https:\/\/www.esparzapc.com\/es\/contacto\/#primaryimage\",\"url\":\"https:\/\/www.esparzapc.com\/wp-content\/uploads\/2024\/04\/1.jpg\",\"contentUrl\":\"https:\/\/www.esparzapc.com\/wp-content\/uploads\/2024\/04\/1.jpg\"},{\"@type\":\"BreadcrumbList\",\"@id\":\"https:\/\/www.esparzapc.com\/es\/contacto\/#breadcrumb\",\"itemListElement\":[{\"@type\":\"ListItem\",\"position\":1,\"name\":\"Home\",\"item\":\"https:\/\/www.esparzapc.com\/es\/inicio\/\"},{\"@type\":\"ListItem\",\"position\":2,\"name\":\"Contacto\"}]},{\"@type\":\"WebSite\",\"@id\":\"https:\/\/www.esparzapc.com\/#website\",\"url\":\"https:\/\/www.esparzapc.com\/\",\"name\":\"Esparza Pest Control\",\"description\":\"\",\"publisher\":{\"@id\":\"https:\/\/www.esparzapc.com\/#organization\"},\"potentialAction\":[{\"@type\":\"SearchAction\",\"target\":{\"@type\":\"EntryPoint\",\"urlTemplate\":\"https:\/\/www.esparzapc.com\/?s={search_term_string}\"},\"query-input\":\"required name=search_term_string\"}],\"inLanguage\":\"es-ES\"},{\"@type\":\"Organization\",\"@id\":\"https:\/\/www.esparzapc.com\/#organization\",\"name\":\"Esparza Pest Control\",\"url\":\"https:\/\/www.esparzapc.com\/\",\"logo\":{\"@type\":\"ImageObject\",\"inLanguage\":\"es-ES\",\"@id\":\"https:\/\/www.esparzapc.com\/#\/schema\/logo\/image\/\",\"url\":\"https:\/\/www.esparzapc.com\/wp-content\/uploads\/2022\/09\/logo.svg\",\"contentUrl\":\"https:\/\/www.esparzapc.com\/wp-content\/uploads\/2022\/09\/logo.svg\",\"width\":\"1024\",\"height\":\"1024\",\"caption\":\"Esparza Pest Control\"},\"image\":{\"@id\":\"https:\/\/www.esparzapc.com\/#\/schema\/logo\/image\/\"},\"sameAs\":[\"https:\/\/www.facebook.com\/esparzapc\/\",\"https:\/\/x.com\/epestinc\",\"https:\/\/www.instagram.com\/esparzapc\/?hl=en\"]}]}<\/script>\n<!-- \/ Yoast SEO plugin. -->","yoast_head_json":{"title":"Contacto - Esparza Pest Control","description":"Contacta con Control de Plagas Esparza para obtener servicios eficaces de control de plagas en Edinburg, TX. Solicita una consulta gratuita y experimenta un servicio fiable.","robots":{"index":"index","follow":"follow","max-snippet":"max-snippet:-1","max-image-preview":"max-image-preview:large","max-video-preview":"max-video-preview:-1"},"canonical":"https:\/\/www.esparzapc.com\/es\/contacto\/","og_locale":"es_ES","og_type":"article","og_title":"Contacto - Esparza Pest Control","og_description":"Contacta con Control de Plagas Esparza para obtener servicios eficaces de control de plagas en Edinburg, TX. Solicita una consulta gratuita y experimenta un servicio fiable.","og_url":"https:\/\/www.esparzapc.com\/es\/contacto\/","og_site_name":"Esparza Pest Control","article_publisher":"https:\/\/www.facebook.com\/esparzapc\/","article_modified_time":"2024-05-14T02:16:04+00:00","og_image":[{"url":"https:\/\/www.esparzapc.com\/wp-content\/uploads\/2024\/04\/1.jpg"}],"twitter_card":"summary_large_image","twitter_site":"@epestinc","twitter_misc":{"Est. reading time":"2 minutes"},"schema":{"@context":"https:\/\/schema.org","@graph":[{"@type":"WebPage","@id":"https:\/\/www.esparzapc.com\/es\/contacto\/","url":"https:\/\/www.esparzapc.com\/es\/contacto\/","name":"Contacto - Esparza Pest Control","isPartOf":{"@id":"https:\/\/www.esparzapc.com\/#website"},"primaryImageOfPage":{"@id":"https:\/\/www.esparzapc.com\/es\/contacto\/#primaryimage"},"image":{"@id":"https:\/\/www.esparzapc.com\/es\/contacto\/#primaryimage"},"thumbnailUrl":"https:\/\/www.esparzapc.com\/wp-content\/uploads\/2024\/04\/1.jpg","datePublished":"2022-09-08T08:07:28+00:00","dateModified":"2024-05-14T02:16:04+00:00","description":"Contacta con Control de Plagas Esparza para obtener servicios eficaces de control de plagas en Edinburg, TX. Solicita una consulta gratuita y experimenta un servicio fiable.","breadcrumb":{"@id":"https:\/\/www.esparzapc.com\/es\/contacto\/#breadcrumb"},"inLanguage":"es-ES","potentialAction":[{"@type":"ReadAction","target":["https:\/\/www.esparzapc.com\/es\/contacto\/"]}]},{"@type":"ImageObject","inLanguage":"es-ES","@id":"https:\/\/www.esparzapc.com\/es\/contacto\/#primaryimage","url":"https:\/\/www.esparzapc.com\/wp-content\/uploads\/2024\/04\/1.jpg","contentUrl":"https:\/\/www.esparzapc.com\/wp-content\/uploads\/2024\/04\/1.jpg"},{"@type":"BreadcrumbList","@id":"https:\/\/www.esparzapc.com\/es\/contacto\/#breadcrumb","itemListElement":[{"@type":"ListItem","position":1,"name":"Home","item":"https:\/\/www.esparzapc.com\/es\/inicio\/"},{"@type":"ListItem","position":2,"name":"Contacto"}]},{"@type":"WebSite","@id":"https:\/\/www.esparzapc.com\/#website","url":"https:\/\/www.esparzapc.com\/","name":"Esparza Pest Control","description":"","publisher":{"@id":"https:\/\/www.esparzapc.com\/#organization"},"potentialAction":[{"@type":"SearchAction","target":{"@type":"EntryPoint","urlTemplate":"https:\/\/www.esparzapc.com\/?s={search_term_string}"},"query-input":"required name=search_term_string"}],"inLanguage":"es-ES"},{"@type":"Organization","@id":"https:\/\/www.esparzapc.com\/#organization","name":"Esparza Pest Control","url":"https:\/\/www.esparzapc.com\/","logo":{"@type":"ImageObject","inLanguage":"es-ES","@id":"https:\/\/www.esparzapc.com\/#\/schema\/logo\/image\/","url":"https:\/\/www.esparzapc.com\/wp-content\/uploads\/2022\/09\/logo.svg","contentUrl":"https:\/\/www.esparzapc.com\/wp-content\/uploads\/2022\/09\/logo.svg","width":"1024","height":"1024","caption":"Esparza Pest Control"},"image":{"@id":"https:\/\/www.esparzapc.com\/#\/schema\/logo\/image\/"},"sameAs":["https:\/\/www.facebook.com\/esparzapc\/","https:\/\/x.com\/epestinc","https:\/\/www.instagram.com\/esparzapc\/?hl=en"]}]}},"_links":{"self":[{"href":"https:\/\/www.esparzapc.com\/es\/wp-json\/wp\/v2\/pages\/3718"}],"collection":[{"href":"https:\/\/www.esparzapc.com\/es\/wp-json\/wp\/v2\/pages"}],"about":[{"href":"https:\/\/www.esparzapc.com\/es\/wp-json\/wp\/v2\/types\/page"}],"author":[{"embeddable":true,"href":"https:\/\/www.esparzapc.com\/es\/wp-json\/wp\/v2\/users\/1"}],"replies":[{"embeddable":true,"href":"https:\/\/www.esparzapc.com\/es\/wp-json\/wp\/v2\/comments?post=3718"}],"version-history":[{"count":12,"href":"https:\/\/www.esparzapc.com\/es\/wp-json\/wp\/v2\/pages\/3718\/revisions"}],"predecessor-version":[{"id":3873,"href":"https:\/\/www.esparzapc.com\/es\/wp-json\/wp\/v2\/pages\/3718\/revisions\/3873"}],"wp:attachment":[{"href":"https:\/\/www.esparzapc.com\/es\/wp-json\/wp\/v2\/media?parent=3718"}],"curies":[{"name":"wp","href":"https:\/\/api.w.org\/{rel}","templated":true}]}}